{"id":1146,"date":"2023-12-08T09:41:27","date_gmt":"2023-12-08T08:41:27","guid":{"rendered":"https:\/\/klimebaruca.click.si\/?page_id=1146"},"modified":"2023-12-08T09:59:50","modified_gmt":"2023-12-08T08:59:50","slug":"pravno-obvestilo","status":"publish","type":"page","link":"https:\/\/klimebaruca.com\/it\/pravno-obvestilo\/","title":{"rendered":"Avviso legale"},"content":{"rendered":"<div data-elementor-type=\"wp-page\" data-elementor-id=\"1146\" class=\"elementor elementor-1146\" data-elementor-post-type=\"page\">\n\t\t\t\t<div class=\"elementor-element elementor-element-4542f57 e-flex e-con-boxed e-con e-parent\" data-id=\"4542f57\" data-element_type=\"container\" data-e-type=\"container\">\n\t\t\t\t\t<div class=\"e-con-inner\">\n\t\t\t\t<div class=\"elementor-element elementor-element-ae4ac89 elementor-widget elementor-widget-text-editor\" data-id=\"ae4ac89\" data-element_type=\"widget\" data-e-type=\"widget\" data-widget_type=\"text-editor.default\">\n\t\t\t\t<div class=\"elementor-widget-container\">\n\t\t\t\t\t\t\t\t\t<p><strong>Tutela dei diritti<\/strong><\/p><p>Oggetto della presente informativa sono le pagine web presenti all'indirizzo klimebaruca.com.<\/p><p>Tutti i contenuti di questi siti web sono di propriet\u00e0 di SERVIS BARUCA VALTER SILVANO S.P. ed \u00e8 di natura informativa.\u00a0<\/p><p>Nella societ\u00e0 SERVIS BARUCA VALTER SILVANO S.P. abbiamo progettato il nostro sito web con l'obiettivo di fornire informazioni generali sull'azienda e notizie degli affari.<\/p><p>Accedendo a qualsiasi area del sito klimebaruca.com, accetti tutte le restrizioni e le condizioni qui stabilite. Se non sei d'accordo con loro, ti preghiamo di non accedere a questa pagina. Ti consigliamo di visitare il nostro sito e di rivedere le attuali condizioni d'uso, poich\u00e9 sono legalmente vincolanti.<\/p><p>Le informazioni ufficiali, legali e formali sulla societ\u00e0 e sulle operazioni della societ\u00e0 possono differire dalle informazioni presenti sul sito Web della societ\u00e0.<\/p><p><strong>Limitazione di responsabilit\u00e0<\/strong><\/p><p>SERVIZIO BARUCA VALTER SILVANO S.P. far\u00e0 del suo meglio per fornire nelle sue pagine le informazioni pi\u00f9 precise ed aggiornate, ma avverte gli utenti del sito che i testi sono informativi, pertanto non garantisce e non si assume alcuna responsabilit\u00e0 circa la loro accuratezza e completezza delle pagine . Tutti i visitatori utilizzano i contenuti pubblicati a proprio rischio. SERVIZIO BARUCA VALTER SILVANO S.P. si riserva il diritto di modificare, aggiungere o rimuovere il contenuto di questi siti in qualsiasi momento senza preavviso.<\/p><p>N\u00e9 SERVICE BARUCA VALTER SILVANO S.P. n\u00e9 qualsiasi altra persona giuridica o fisica che abbia partecipato alla creazione e realizzazione di questi siti web non \u00e8 responsabile per il mancato funzionamento occasionale del sito, per possibili inesattezze delle informazioni, n\u00e9 per eventuali danni causati dall'uso di informazioni inesatte o incomplete, pertanto non \u00e8 responsabile per eventuali danni o inconvenienti derivanti dall'esistenza dei siti web, dall'accesso e\/o dall'uso e\/o dall'impossibilit\u00e0 di utilizzare le informazioni presenti su tali siti web e\/o per eventuali errori o carenze nel loro contenuto, indipendentemente dal fatto che siano stati informati della possibilit\u00e0 di tale danno.<\/p><p>Sul sito klimebaruca.com sono presenti anche link ad altri siti web, riferimenti, partner che non sono in alcun modo collegati a SERVIS BARUCA VALTER SILVANO S.P.. SERVIS BARUCA VALTER SILVANO S.P. non pu\u00f2 garantire, n\u00e9 ricevere o inoltrare reclami circa l'accuratezza del contenuto di qualsiasi sito web al quale fornisce un collegamento o un riferimento, e non si assume alcuna responsabilit\u00e0 per la protezione dei dati su tali siti web.<\/p><p><strong>Diritto d'autore<\/strong><\/p><p>Tutte le informazioni e le immagini pubblicate sul sito web (testi, foto, schizzi, mappe e planimetrie, programmi informatici) sono soggette alla protezione del diritto d'autore secondo la legge sul diritto d'autore e sui diritti connessi (Gazzetta Ufficiale della Repubblica di Slovenia, n. 21\/1995 con modifiche). Possono essere utilizzati esclusivamente per scopi didattici e non commerciali e tutti gli avvisi di copyright o altri diritti devono essere conservati e non possono essere copiati, riprodotti o altrimenti distribuiti per scopi commerciali. Ogni riproduzione (copia, riproduzione, pubblicazione, trasmissione) deve essere citata come fonte SERVIS BARUCA VALTER SILVANO S.P.<\/p><p>SERVIZIO BARUCA VALTER SILVANO S.P. si riserva il diritto di modificare, aggiungere o rimuovere, parzialmente o completamente, i contenuti pubblicati su questo sito in qualsiasi momento e in qualsiasi modo, indipendentemente dal motivo e senza preavviso. Tutti gli utenti utilizzano tutti i contenuti pubblicati a proprio rischio.<\/p><p><strong>Protezione della privacy<\/strong><\/p><p>SERVIZIO BARUCA VALTER SILVANO S.P. si impegna a tutelare la riservatezza dei dati personali degli utenti del sito web. Utilizzeremo le informazioni raccolte esclusivamente per migliorare l'utilizzo del sito web e per gli scopi per i quali vengono fornite dagli utenti del sito web. I dati personali e le informazioni di contatto non verranno utilizzati per altri scopi e non saranno ceduti a terzi senza l'espresso consenso dell'utente del sito web. Faremo di tutto per tutelare i tuoi dati personali da eventuali violazioni ed abusi.<\/p>\t\t\t\t\t\t\t\t<\/div>\n\t\t\t\t<\/div>\n\t\t\t\t\t<\/div>\n\t\t\t\t<\/div>\n\t\t\t\t<\/div>","protected":false},"excerpt":{"rendered":"<p>Za\u0161\u010dita pravic Predmet tega obvestila so spletne strani na naslovu klimebaruca.com. Vse vsebine na teh spletnih straneh so last podjetja SERVIS BARUCA VALTER SILVANO S.P. in je informativne narave.\u00a0 V podjetju SERVIS BARUCA VALTER SILVANO S.P. smo na\u0161e spletno mesto oblikovali z namenom omogo\u010diti splo\u0161ne informacije o podjetju in novice s poslovnega sveta. Vstop v [&hellip;]<\/p>","protected":false},"author":1,"featured_media":0,"parent":0,"menu_order":0,"comment_status":"closed","ping_status":"closed","template":"","meta":{"_acf_changed":false,"inline_featured_image":false,"_monsterinsights_skip_tracking":false,"_monsterinsights_sitenote_active":false,"_monsterinsights_sitenote_note":"","_monsterinsights_sitenote_category":0,"footnotes":""},"class_list":["post-1146","page","type-page","status-publish","hentry"],"acf":[],"aioseo_notices":[],"_links":{"self":[{"href":"https:\/\/klimebaruca.com\/it\/wp-json\/wp\/v2\/pages\/1146","targetHints":{"allow":["GET"]}}],"collection":[{"href":"https:\/\/klimebaruca.com\/it\/wp-json\/wp\/v2\/pages"}],"about":[{"href":"https:\/\/klimebaruca.com\/it\/wp-json\/wp\/v2\/types\/page"}],"author":[{"embeddable":true,"href":"https:\/\/klimebaruca.com\/it\/wp-json\/wp\/v2\/users\/1"}],"replies":[{"embeddable":true,"href":"https:\/\/klimebaruca.com\/it\/wp-json\/wp\/v2\/comments?post=1146"}],"version-history":[{"count":7,"href":"https:\/\/klimebaruca.com\/it\/wp-json\/wp\/v2\/pages\/1146\/revisions"}],"predecessor-version":[{"id":1163,"href":"https:\/\/klimebaruca.com\/it\/wp-json\/wp\/v2\/pages\/1146\/revisions\/1163"}],"wp:attachment":[{"href":"https:\/\/klimebaruca.com\/it\/wp-json\/wp\/v2\/media?parent=1146"}],"curies":[{"name":"wp","href":"https:\/\/api.w.org\/{rel}","templated":true}]}}