{"id":1152,"date":"2023-12-08T09:48:38","date_gmt":"2023-12-08T08:48:38","guid":{"rendered":"https:\/\/klimebaruca.click.si\/?page_id=1152"},"modified":"2023-12-08T09:53:14","modified_gmt":"2023-12-08T08:53:14","slug":"piskotki","status":"publish","type":"page","link":"https:\/\/klimebaruca.com\/it\/piskotki\/","title":{"rendered":"I cookie"},"content":{"rendered":"<div data-elementor-type=\"wp-page\" data-elementor-id=\"1152\" class=\"elementor elementor-1152\" data-elementor-post-type=\"page\">\n\t\t\t\t<div class=\"elementor-element elementor-element-d7d173a e-flex e-con-boxed e-con e-parent\" data-id=\"d7d173a\" data-element_type=\"container\" data-e-type=\"container\">\n\t\t\t\t\t<div class=\"e-con-inner\">\n\t\t\t\t<div class=\"elementor-element elementor-element-3ad87ca elementor-widget elementor-widget-text-editor\" data-id=\"3ad87ca\" data-element_type=\"widget\" data-e-type=\"widget\" data-widget_type=\"text-editor.default\">\n\t\t\t\t<div class=\"elementor-widget-container\">\n\t\t\t\t\t\t\t\t\t<p>Un cookie \u00e8 un'informazione su un utente che un browser web memorizza su un dispositivo elettronico per la possibilit\u00e0 di un ulteriore utilizzo. Si tratta di informazioni che vengono memorizzate sul computer dell'individuo quando visita un particolare sito web e vengono utilizzate per identificare, tracciare e raccogliere informazioni specifiche sugli utenti di Internet, come ad es. preferenze per determinate pagine\/contenuti o abitudini di acquisto online.<\/p><p>I cookie sono quindi molto importanti per garantire un'esperienza positiva al visitatore del sito web. Puoi trovare ulteriori informazioni sui cookie su\u00a0<a href=\"https:\/\/www.allaboutcookies.org\/\">https:\/\/www.allaboutcookies.org\/<\/a>.<\/p><p>Sul Sito sono presenti le seguenti tipologie di cookie:<\/p><ul><li>Cookie temporanei o di sessione:<ul><li>vengono memorizzati per la durata della sessione di navigazione e vengono cancellati alla scadenza della sessione<\/li><li>sono obbligatori per il corretto funzionamento di alcune applicazioni o funzionalit\u00e0 sui siti web<\/li><\/ul><\/li><li>Cookie persistenti o memorizzati:<ul><li>vengono utilizzati per migliorare l'esperienza dell'utente<\/li><li>rimanere nel file cookie per un periodo pi\u00f9 lungo (a seconda della scelta effettuata dall'utente nelle impostazioni del proprio browser Internet)<\/li><\/ul><\/li><li>Cookie propri:<ul><li>possono essere permanenti o temporanei. Questi cookie vengono utilizzati per memorizzare informazioni che il sito utilizzer\u00e0 nuovamente la prossima volta che l'utente visiter\u00e0 questo sito;<\/li><\/ul><\/li><li>Altri cookie:<ul><li>provengono da altri siti Web partner (che misurano il traffico, ad esempio). Si tratta di raccogliere dati degli utenti da vari siti Web e utilizzarli per vari scopi, dalla pubblicit\u00e0 e analisi al miglioramento dei loro prodotti.<\/li><\/ul><\/li><\/ul><p>\u00a0<\/p><p>Esiste inoltre la seguente condivisione di cookie:<\/p><ul><li>cookie strettamente necessari:<ul><li>abilitare le funzioni di base (navigazione della pagina, accesso ad aree protette, ricordo delle voci degli utenti nei moduli online, carrello)<\/li><li>vengono utilizzati per adattare le impostazioni alle preferenze dell'utente (metodo di ordinamento dei risultati\/contenuti)<\/li><li>Senza questi cookie il funzionamento tecnicamente impeccabile e ininterrotto del sito web \u00e8 disabilitato<\/li><\/ul><\/li><\/ul><ul><li>cookie per le statistiche:<ul><li>raccogliere informazioni su come vengono utilizzati i siti web. L\u2019obiettivo \u00e8 migliorarne l\u2019attrattiva, i contenuti e la funzionalit\u00e0. L'utilizzo di questi cookie avviene solo con il tuo consenso.<\/li><li>si tratta di Google Analytics, uno strumento per l'analisi del sito web (file di testo vengono memorizzati sul computer del visitatore e consentono l'analisi del loro utilizzo del sito web. Viene utilizzato per valutare l'utilizzo del sito web da parte dei visitatori, per compilare report sulle attivit\u00e0 del sito web e per fornire ulteriori servizi legati all\u2019utilizzo dei siti web e di Internet.<\/li><li>l'utente pu\u00f2 disattivare la memorizzazione dei cookie e la registrazione dei dati prodotti dai cookie e relativi all'utilizzo del sito web mediante le apposite impostazioni del proprio software del browser. In caso di spegnimento, il visitatore potrebbe non essere in grado di utilizzare tutte le funzioni di questo sito web, l'efficienza del sito web potrebbe risultare ridotta. Puoi modificare le impostazioni del tuo browser: <a href=\"https:\/\/adssettings.google.com\/\" target=\"_blank\" rel=\"noopener\">https:\/\/adssettings.google.com\/<\/a>.<\/li><\/ul><\/li><\/ul><p>\u00a0<\/p><p>L'installazione dei cookie richiede il consenso dell'utente. Quando il sito web ha una relazione pi\u00f9 definita con l'utente (account utente, registrazione, profilo), l'acquisizione del consenso \u00e8 gi\u00e0 inclusa nel processo di registrazione dell'utente.<\/p>\t\t\t\t\t\t\t\t<\/div>\n\t\t\t\t<\/div>\n\t\t\t\t\t<\/div>\n\t\t\t\t<\/div>\n\t\t\t\t<\/div>","protected":false},"excerpt":{"rendered":"<p>Pi\u0161kotek (angl. cookie) je podatek o uporabniku, ki ga spletni brskalnik shrani na elektronski napravi za mo\u017enost nadaljnje uporabe. Gre za informacije, ki se ob obisku posamezne spletne strani shranijo na posameznikov ra\u010dunalnik in so ob ponovnem obisku iste strani uporabljene za prepoznavanje, sledenje in zbiranje specifi\u010dnih informacij o internetnih uporabnikih, kot so npr. preference [&hellip;]<\/p>","protected":false},"author":1,"featured_media":0,"parent":0,"menu_order":0,"comment_status":"closed","ping_status":"closed","template":"","meta":{"_acf_changed":false,"inline_featured_image":false,"_monsterinsights_skip_tracking":false,"_monsterinsights_sitenote_active":false,"_monsterinsights_sitenote_note":"","_monsterinsights_sitenote_category":0,"footnotes":""},"class_list":["post-1152","page","type-page","status-publish","hentry"],"acf":[],"aioseo_notices":[],"_links":{"self":[{"href":"https:\/\/klimebaruca.com\/it\/wp-json\/wp\/v2\/pages\/1152","targetHints":{"allow":["GET"]}}],"collection":[{"href":"https:\/\/klimebaruca.com\/it\/wp-json\/wp\/v2\/pages"}],"about":[{"href":"https:\/\/klimebaruca.com\/it\/wp-json\/wp\/v2\/types\/page"}],"author":[{"embeddable":true,"href":"https:\/\/klimebaruca.com\/it\/wp-json\/wp\/v2\/users\/1"}],"replies":[{"embeddable":true,"href":"https:\/\/klimebaruca.com\/it\/wp-json\/wp\/v2\/comments?post=1152"}],"version-history":[{"count":7,"href":"https:\/\/klimebaruca.com\/it\/wp-json\/wp\/v2\/pages\/1152\/revisions"}],"predecessor-version":[{"id":1159,"href":"https:\/\/klimebaruca.com\/it\/wp-json\/wp\/v2\/pages\/1152\/revisions\/1159"}],"wp:attachment":[{"href":"https:\/\/klimebaruca.com\/it\/wp-json\/wp\/v2\/media?parent=1152"}],"curies":[{"name":"wp","href":"https:\/\/api.w.org\/{rel}","templated":true}]}}