{"id":20,"date":"2023-11-24T10:30:06","date_gmt":"2023-11-24T10:30:06","guid":{"rendered":"https:\/\/klimebaruca.click.si\/?page_id=20"},"modified":"2023-12-22T09:41:07","modified_gmt":"2023-12-22T08:41:07","slug":"povprasevanje","status":"publish","type":"page","link":"https:\/\/klimebaruca.com\/it\/povprasevanje\/","title":{"rendered":"Richiesta"},"content":{"rendered":"<div data-elementor-type=\"wp-page\" data-elementor-id=\"20\" class=\"elementor elementor-20\" data-elementor-post-type=\"page\">\n\t\t\t\t<div class=\"elementor-element elementor-element-7f39f62 change-text e-flex e-con-boxed e-con e-parent\" data-id=\"7f39f62\" data-element_type=\"container\" data-e-type=\"container\">\n\t\t\t\t\t<div class=\"e-con-inner\">\n\t\t\t\t<div class=\"elementor-element elementor-element-51e0f6c elementor-widget elementor-widget-heading\" data-id=\"51e0f6c\" data-element_type=\"widget\" data-e-type=\"widget\" data-widget_type=\"heading.default\">\n\t\t\t\t<div class=\"elementor-widget-container\">\n\t\t\t\t\t<h6 class=\"elementor-heading-title elementor-size-default\">invia una richiesta<\/h6>\t\t\t\t<\/div>\n\t\t\t\t<\/div>\n\t\t\t\t<div class=\"elementor-element elementor-element-0f830ac elementor-widget elementor-widget-text-editor\" data-id=\"0f830ac\" data-element_type=\"widget\" data-e-type=\"widget\" data-widget_type=\"text-editor.default\">\n\t\t\t\t<div class=\"elementor-widget-container\">\n\t\t\t\t\t\t\t\t\t<p>Ha bisogno di <span class=\"blue-text\">di un buon servizio o assemblaggio condizionatore e stufa a gas<\/span>?<br \/>Forniamo servizi in <strong class=\"blue-text\">tutta l'Istria slovena!<\/strong><\/p>\t\t\t\t\t\t\t\t<\/div>\n\t\t\t\t<\/div>\n\t\t\t\t<div class=\"elementor-element elementor-element-26a44f9 elementor-widget elementor-widget-text-editor\" data-id=\"26a44f9\" data-element_type=\"widget\" data-e-type=\"widget\" data-widget_type=\"text-editor.default\">\n\t\t\t\t<div class=\"elementor-widget-container\">\n\t\t\t\t\t\t\t\t\t<p>Compila il modulo sottostante con i tuoi dati e ti risponderemo il prima possibile!<\/p>\t\t\t\t\t\t\t\t<\/div>\n\t\t\t\t<\/div>\n\t\t\t\t<div class=\"elementor-element elementor-element-f13b9cc elementor-widget elementor-widget-shortcode\" data-id=\"f13b9cc\" data-element_type=\"widget\" data-e-type=\"widget\" data-widget_type=\"shortcode.default\">\n\t\t\t\t<div class=\"elementor-widget-container\">\n\t\t\t\t\t<style>.elementor-element-f13b9cc{display:none !important}<\/style>\t\t\t\t<\/div>\n\t\t\t\t<\/div>\n\t\t\t\t<div class=\"elementor-element elementor-element-f99d8af elementor-widget elementor-widget-shortcode\" data-id=\"f99d8af\" data-element_type=\"widget\" data-e-type=\"widget\" data-widget_type=\"shortcode.default\">\n\t\t\t\t<div class=\"elementor-widget-container\">\n\t\t\t\t\t\t\t<div class=\"elementor-shortcode\"><div class=\"forminator-ui forminator-custom-form forminator-custom-form-1499 forminator-design--material forminator-enclosed forminator_ajax\" data-forminator-render=\"0\" data-form=\"forminator-module-1499\" data-uid=\"69f313899d48a\"><br\/><\/div><form\n\t\t\t\tid=\"forminator-module-1499\"\n\t\t\t\tclass=\"forminator-ui forminator-custom-form forminator-custom-form-1499 forminator-design--material forminator-enclosed forminator_ajax\"\n\t\t\t\tmethod=\"post\"\n\t\t\t\tdata-forminator-render=\"0\"\n\t\t\t\tdata-form-id=\"1499\"\n\t\t\t\t data-color-option=\"default\" data-design=\"material\" data-grid=\"enclosed\" style=\"display: none;\"\n\t\t\t\tdata-uid=\"69f313899d48a\" action=\"\"\n\t\t\t><div role=\"alert\" aria-live=\"polite\" class=\"forminator-response-message forminator-error\" aria-hidden=\"true\"><\/div><div class=\"forminator-row\"><div id=\"name-1\" class=\"forminator-field-name forminator-col forminator-col-6\"><div class=\"forminator-field\"><label for=\"forminator-field-name-1_69f313899d48a\" id=\"forminator-field-name-1_69f313899d48a-label\" class=\"forminator-label\">Nome e cognome <span class=\"forminator-required\">*<\/span><\/label><input type=\"text\" name=\"name-1\" value=\"\" placeholder=\"Nome e cognome*\" id=\"forminator-field-name-1_69f313899d48a\" class=\"forminator-input forminator-name--field\" aria-required=\"true\" autocomplete=\"name\" \/><\/div><\/div><div id=\"text-1\" class=\"forminator-field-text forminator-col forminator-col-6\"><div class=\"forminator-field\"><label for=\"forminator-field-text-1_69f313899d48a\" id=\"forminator-field-text-1_69f313899d48a-label\" class=\"forminator-label\">Compagnia<\/label><input type=\"text\" name=\"text-1\" value=\"\" placeholder=\"Compagnia (opzionale)\" id=\"forminator-field-text-1_69f313899d48a\" class=\"forminator-input forminator-name--field\" data-required=\"\" \/><\/div><\/div><\/div><div class=\"forminator-row\"><div id=\"phone-1\" class=\"forminator-field-phone forminator-col forminator-col-6\"><div class=\"forminator-field\"><label for=\"forminator-field-phone-1_69f313899d48a\" id=\"forminator-field-phone-1_69f313899d48a-label\" class=\"forminator-label\">Numero di telefono <span class=\"forminator-required\">*<\/span><\/label><input type=\"text\" name=\"phone-1\" value=\"\" placeholder=\"Numero di telefono*\" id=\"forminator-field-phone-1_69f313899d48a\" class=\"forminator-input forminator-field--phone\" data-required=\"1\" aria-required=\"true\" autocomplete=\"off\" data-national_mode=\"enabled\" data-country=\"si\" data-validation=\"standard\" \/><\/div><\/div><div id=\"email-1\" class=\"forminator-field-email forminator-col forminator-col-6\"><div class=\"forminator-field\"><label for=\"forminator-field-email-1_69f313899d48a\" id=\"forminator-field-email-1_69f313899d48a-label\" class=\"forminator-label\">E-mail <span class=\"forminator-required\">*<\/span><\/label><input type=\"email\" name=\"email-1\" value=\"\" placeholder=\"E-mail\" id=\"forminator-field-email-1_69f313899d48a\" class=\"forminator-input forminator-email--field\" data-required=\"true\" aria-required=\"true\" autocomplete=\"email\" \/><\/div><\/div><\/div><div class=\"forminator-row\"><div id=\"text-2\" class=\"forminator-field-text forminator-col forminator-col-4\"><div class=\"forminator-field\"><label for=\"forminator-field-text-2_69f313899d48a\" id=\"forminator-field-text-2_69f313899d48a-label\" class=\"forminator-label\">Indirizzo <span class=\"forminator-required\">*<\/span><\/label><input type=\"text\" name=\"text-2\" value=\"\" placeholder=\"Indirizzo\" id=\"forminator-field-text-2_69f313899d48a\" class=\"forminator-input forminator-name--field\" data-required=\"1\" \/><\/div><\/div><div id=\"number-1\" class=\"forminator-field-number forminator-col forminator-col-4\"><div class=\"forminator-field\"><label for=\"forminator-field-number-1_69f313899d48a\" id=\"forminator-field-number-1_69f313899d48a-label\" class=\"forminator-label\">Codice postale <span class=\"forminator-required\">*<\/span><\/label><input name=\"number-1\" value=\"\" placeholder=\"Codice postale\" id=\"forminator-field-number-1_69f313899d48a\" class=\"forminator-input forminator-number--field\" inputmode=\"decimal\" data-required=\"1\" data-decimals=\"0\" aria-required=\"true\" data-inputmask=\"&#039;groupSeparator&#039;: &#039;&#039;, &#039;radixPoint&#039;: &#039;&#039;, &#039;digits&#039;: &#039;0&#039;\" data-hidden-behavior=\"zero\" type=\"number\" step=\"any\" min=\"1000\" max=\"9000\" \/><\/div><\/div><div id=\"text-3\" class=\"forminator-field-text forminator-col forminator-col-4\"><div class=\"forminator-field\"><label for=\"forminator-field-text-3_69f313899d48a\" id=\"forminator-field-text-3_69f313899d48a-label\" class=\"forminator-label\">Luogo <span class=\"forminator-required\">*<\/span><\/label><input type=\"text\" name=\"text-3\" value=\"\" placeholder=\"Luogo\" id=\"forminator-field-text-3_69f313899d48a\" class=\"forminator-input forminator-name--field\" data-required=\"1\" \/><\/div><\/div><\/div><div class=\"forminator-row\"><div id=\"checkbox-1\" class=\"forminator-field-checkbox forminator-col forminator-col-12\"><div role=\"group\" class=\"forminator-field\" aria-labelledby=\"forminator-checkbox-group-forminator-field-checkbox-1-69f313899d48a-label\"><span id=\"forminator-checkbox-group-forminator-field-checkbox-1-69f313899d48a-label\" class=\"forminator-label\">Sono interessato a...<\/span><label id=\"forminator-field-checkbox-1-1-69f313899d48a-label\" for=\"forminator-field-checkbox-1-1-69f313899d48a\" class=\"forminator-checkbox forminator-checkbox-inline\" title=\"Servizio di climatizzazione\"><input type=\"checkbox\" name=\"checkbox-1[]\" value=\"one\" id=\"forminator-field-checkbox-1-1-69f313899d48a\" aria-labelledby=\"forminator-field-checkbox-1-1-69f313899d48a-label\" data-calculation=\"0\"   data-hidden-behavior=\"zero\"\/><span class=\"forminator-checkbox-box\" aria-hidden=\"true\"><\/span><span class=\"forminator-checkbox-label\">Servizio di climatizzazione<\/span><\/label><label id=\"forminator-field-checkbox-1-2-69f313899d48a-label\" for=\"forminator-field-checkbox-1-2-69f313899d48a\" class=\"forminator-checkbox forminator-checkbox-inline\" title=\"Servizio di stufa a gas\"><input type=\"checkbox\" name=\"checkbox-1[]\" value=\"two\" id=\"forminator-field-checkbox-1-2-69f313899d48a\" aria-labelledby=\"forminator-field-checkbox-1-2-69f313899d48a-label\" data-calculation=\"0\"   data-hidden-behavior=\"zero\"\/><span class=\"forminator-checkbox-box\" aria-hidden=\"true\"><\/span><span class=\"forminator-checkbox-label\">Servizio di stufa a gas<\/span><\/label><label id=\"forminator-field-checkbox-1-3-69f313899d48a-label\" for=\"forminator-field-checkbox-1-3-69f313899d48a\" class=\"forminator-checkbox forminator-checkbox-inline\" title=\"Installazione di condizionatore\"><input type=\"checkbox\" name=\"checkbox-1[]\" value=\"Monta\u017ea-klimatske-naprave\" id=\"forminator-field-checkbox-1-3-69f313899d48a\" aria-labelledby=\"forminator-field-checkbox-1-3-69f313899d48a-label\" data-calculation=\"0\"   data-hidden-behavior=\"zero\"\/><span class=\"forminator-checkbox-box\" aria-hidden=\"true\"><\/span><span class=\"forminator-checkbox-label\">Installazione di condizionatore<\/span><\/label><label id=\"forminator-field-checkbox-1-4-69f313899d48a-label\" for=\"forminator-field-checkbox-1-4-69f313899d48a\" class=\"forminator-checkbox forminator-checkbox-inline\" title=\"Installazione di stufa a gas\"><input type=\"checkbox\" name=\"checkbox-1[]\" value=\"Monta\u017ea-plinske-pe\u010di\" id=\"forminator-field-checkbox-1-4-69f313899d48a\" aria-labelledby=\"forminator-field-checkbox-1-4-69f313899d48a-label\" data-calculation=\"0\"   data-hidden-behavior=\"zero\"\/><span class=\"forminator-checkbox-box\" aria-hidden=\"true\"><\/span><span class=\"forminator-checkbox-label\">Installazione di stufa a gas<\/span><\/label><label id=\"forminator-field-checkbox-1-5-69f313899d48a-label\" for=\"forminator-field-checkbox-1-5-69f313899d48a\" class=\"forminator-checkbox forminator-checkbox-inline\" title=\"Acquisto di condizionatore\"><input type=\"checkbox\" name=\"checkbox-1[]\" value=\"Nakup-klimatske-naprave\" id=\"forminator-field-checkbox-1-5-69f313899d48a\" aria-labelledby=\"forminator-field-checkbox-1-5-69f313899d48a-label\" data-calculation=\"0\"   data-hidden-behavior=\"zero\"\/><span class=\"forminator-checkbox-box\" aria-hidden=\"true\"><\/span><span class=\"forminator-checkbox-label\">Acquisto di condizionatore<\/span><\/label><label id=\"forminator-field-checkbox-1-6-69f313899d48a-label\" for=\"forminator-field-checkbox-1-6-69f313899d48a\" class=\"forminator-checkbox forminator-checkbox-inline\" title=\"Acquisto di stufa a gas\"><input type=\"checkbox\" name=\"checkbox-1[]\" value=\"Nakup-plinske-pe\u010di\" id=\"forminator-field-checkbox-1-6-69f313899d48a\" aria-labelledby=\"forminator-field-checkbox-1-6-69f313899d48a-label\" data-calculation=\"0\"   data-hidden-behavior=\"zero\"\/><span class=\"forminator-checkbox-box\" aria-hidden=\"true\"><\/span><span class=\"forminator-checkbox-label\">Acquisto di stufa a gas<\/span><\/label><\/div><\/div><\/div><div class=\"forminator-row\"><div id=\"select-1\" class=\"forminator-field-select forminator-col forminator-col-6\"><div class=\"forminator-field\"><label for=\"forminator-form-1499__field--select-1_69f313899d48a\" id=\"forminator-form-1499__field--select-1_69f313899d48a-label\" class=\"forminator-label\">Scegli la potenza del condizionatore <span class=\"forminator-required\">*<\/span><\/label><select  id=\"forminator-form-1499__field--select-1_69f313899d48a\" class=\"forminator-select--field forminator-select2 forminator-select2-multiple\" data-required=\"1\" name=\"select-1\" data-default-value=\"\" data-hidden-behavior=\"zero\" data-placeholder=\"--\" data-search=\"false\" data-search-placeholder=\"--\" data-checkbox=\"false\" data-allow-clear=\"false\" aria-labelledby=\"forminator-form-1499__field--select-1_69f313899d48a-label\"><option value=\"\"  >--<\/option><option value=\"one\"  data-calculation=\"0\">2 kW<\/option><option value=\"two\"  data-calculation=\"0\">2,5 kW<\/option><option value=\"3,5-kW\"  data-calculation=\"0\">3,5 kW<\/option><option value=\"5-kW\"  data-calculation=\"0\">5 kW<\/option><option value=\"6-kW\"  data-calculation=\"0\">6 kW<\/option><\/select><\/div><\/div><div id=\"select-2\" class=\"forminator-field-select forminator-col forminator-col-6\"><div class=\"forminator-field\"><label for=\"forminator-form-1499__field--select-2_69f313899d48a\" id=\"forminator-form-1499__field--select-2_69f313899d48a-label\" class=\"forminator-label\">Scegli il numero di unit\u00e0 <span class=\"forminator-required\">*<\/span><\/label><select  id=\"forminator-form-1499__field--select-2_69f313899d48a\" class=\"forminator-select--field forminator-select2 forminator-select2-multiple\" data-required=\"1\" name=\"select-2\" data-default-value=\"\" data-hidden-behavior=\"zero\" data-placeholder=\"--\" data-search=\"false\" data-search-placeholder=\"--\" data-checkbox=\"false\" data-allow-clear=\"false\" aria-labelledby=\"forminator-form-1499__field--select-2_69f313899d48a-label\"><option value=\"\"  >--<\/option><option value=\"one\"  data-calculation=\"0\">un'unit\u00e0 interna e una esterna<\/option><option value=\"two\"  data-calculation=\"0\">sistema duale (due unit\u00e0 interne e una unit\u00e0 esterna)<\/option><option value=\"troj\u010dek-(tri-notranje-enote-in-ena-zunanja)\"  data-calculation=\"0\">tripla (tre unit\u00e0 interne e una unit\u00e0 esterna)<\/option><\/select><\/div><\/div><\/div><div class=\"forminator-row\"><div id=\"textarea-2\" class=\"forminator-field-textarea forminator-col forminator-col-12\"><div class=\"forminator-field\"><label for=\"forminator-field-textarea-2_69f313899d48a\" id=\"forminator-field-textarea-2_69f313899d48a-label\" class=\"forminator-label\">Messaggio <span class=\"forminator-required\">*<\/span><\/label><textarea name=\"textarea-2\" placeholder=\"Vuoi chiederci qualcosa? Di che tipo di servizio hai bisogno? Che tipo di errore \u00e8? Scrivici un messaggio.\" id=\"forminator-field-textarea-2_69f313899d48a\" class=\"forminator-textarea\" rows=\"6\" style=\"min-height:200px;\" ><\/textarea><\/div><\/div><\/div><div class=\"forminator-row\"><div id=\"checkbox-2\" class=\"forminator-field-checkbox forminator-col forminator-col-12\"><div role=\"group\" class=\"forminator-field required\" aria-labelledby=\"forminator-checkbox-group-forminator-field-checkbox-2-69f313899d48a-label\"><span id=\"forminator-checkbox-group-forminator-field-checkbox-2-69f313899d48a-label\" class=\"forminator-label\">Informativa sulla privacy <span class=\"forminator-required\">*<\/span><\/span><label id=\"forminator-field-checkbox-2-1-69f313899d48a-label\" for=\"forminator-field-checkbox-2-1-69f313899d48a\" class=\"forminator-checkbox\" title=\"Accetto l&#039;informativa sulla privacy\"><input type=\"checkbox\" name=\"checkbox-2[]\" value=\"one\" id=\"forminator-field-checkbox-2-1-69f313899d48a\" aria-labelledby=\"forminator-field-checkbox-2-1-69f313899d48a-label\" data-calculation=\"0\"   data-hidden-behavior=\"zero\"\/><span class=\"forminator-checkbox-box\" aria-hidden=\"true\"><\/span><span class=\"forminator-checkbox-label\">Accetto l'informativa sulla privacy<\/span><\/label><\/div><\/div><\/div><input type=\"hidden\" name=\"referer_url\" value=\"\" \/><div class=\"forminator-row forminator-row-last\"><div class=\"forminator-col\"><div class=\"forminator-field\"><button class=\"forminator-button forminator-button-submit btn-diagonal-swipe\"><span>Invia la richiesta<\/span><span aria-hidden=\"true\"><\/span><\/button><\/div><\/div><\/div><input type=\"hidden\" id=\"forminator_nonce\" name=\"forminator_nonce\" value=\"85b6e304d6\" \/><input type=\"hidden\" name=\"_wp_http_referer\" value=\"\/it\/wp-json\/wp\/v2\/pages\/20\" \/><input type=\"hidden\" name=\"form_id\" value=\"1499\"><input type=\"hidden\" name=\"page_id\" value=\"20\"><input type=\"hidden\" name=\"form_type\" value=\"default\"><input type=\"hidden\" name=\"current_url\" value=\"https:\/\/klimebaruca.com\/it\/povprasevanje\/\"><input type=\"hidden\" name=\"render_id\" value=\"0\"><input type=\"hidden\" name=\"action\" value=\"forminator_submit_form_custom-forms\"><input type=\"hidden\" name=\"trp-form-language\" value=\"it\"\/><\/form><\/div>\n\t\t\t\t\t\t<\/div>\n\t\t\t\t<\/div>\n\t\t\t\t\t<\/div>\n\t\t\t\t<\/div>\n\t\t\t\t<\/div>","protected":false},"excerpt":{"rendered":"<p>Oddaj povpra\u0161evanje Potrebujete dober servis ali monta\u017eo klimatske naprave in pe\u010di?Storitve izvajamo po celi slovenski Istri! Izpolnite spodnji obrazec s svojimi podatki in odgovorili vam bomo v najkraj\u0161em mo\u017enem \u010dasu!<\/p>","protected":false},"author":1,"featured_media":0,"parent":0,"menu_order":0,"comment_status":"closed","ping_status":"closed","template":"","meta":{"_acf_changed":false,"inline_featured_image":false,"_monsterinsights_skip_tracking":false,"_monsterinsights_sitenote_active":false,"_monsterinsights_sitenote_note":"","_monsterinsights_sitenote_category":0,"footnotes":""},"class_list":["post-20","page","type-page","status-publish","hentry"],"acf":[],"aioseo_notices":[],"_links":{"self":[{"href":"https:\/\/klimebaruca.com\/it\/wp-json\/wp\/v2\/pages\/20","targetHints":{"allow":["GET"]}}],"collection":[{"href":"https:\/\/klimebaruca.com\/it\/wp-json\/wp\/v2\/pages"}],"about":[{"href":"https:\/\/klimebaruca.com\/it\/wp-json\/wp\/v2\/types\/page"}],"author":[{"embeddable":true,"href":"https:\/\/klimebaruca.com\/it\/wp-json\/wp\/v2\/users\/1"}],"replies":[{"embeddable":true,"href":"https:\/\/klimebaruca.com\/it\/wp-json\/wp\/v2\/comments?post=20"}],"version-history":[{"count":38,"href":"https:\/\/klimebaruca.com\/it\/wp-json\/wp\/v2\/pages\/20\/revisions"}],"predecessor-version":[{"id":1505,"href":"https:\/\/klimebaruca.com\/it\/wp-json\/wp\/v2\/pages\/20\/revisions\/1505"}],"wp:attachment":[{"href":"https:\/\/klimebaruca.com\/it\/wp-json\/wp\/v2\/media?parent=20"}],"curies":[{"name":"wp","href":"https:\/\/api.w.org\/{rel}","templated":true}]}}