{"id":3,"date":"2023-11-23T08:12:54","date_gmt":"2023-11-23T08:12:54","guid":{"rendered":"https:\/\/klimebaruca.click.si\/?page_id=3"},"modified":"2023-12-08T10:19:37","modified_gmt":"2023-12-08T09:19:37","slug":"politika-zasebnosti","status":"publish","type":"page","link":"https:\/\/klimebaruca.com\/it\/politika-zasebnosti\/","title":{"rendered":"L'informativa sulla privacy"},"content":{"rendered":"<div data-elementor-type=\"wp-page\" data-elementor-id=\"3\" class=\"elementor elementor-3\" data-elementor-post-type=\"page\">\n\t\t\t\t<div class=\"elementor-element elementor-element-69ba483 e-flex e-con-boxed e-con e-parent\" data-id=\"69ba483\" data-element_type=\"container\" data-e-type=\"container\">\n\t\t\t\t\t<div class=\"e-con-inner\">\n\t\t\t\t<div class=\"elementor-element elementor-element-b4b48d6 elementor-widget elementor-widget-text-editor\" data-id=\"b4b48d6\" data-element_type=\"widget\" data-e-type=\"widget\" data-widget_type=\"text-editor.default\">\n\t\t\t\t<div class=\"elementor-widget-container\">\n\t\t\t\t\t\t\t\t\t<p><strong>Dichiarazione sull'obbligo di informare<\/strong><br \/>La protezione dei tuoi dati personali \u00e8 molto importante per noi. Trattiamo i tuoi dati esclusivamente sulla base delle disposizioni di legge (Regolamento generale sulla protezione dei dati - Regolamento (UE) 2016\/679, Data Protection Amendment Act 2018, Telecommunications Act 2003). Nella presente informativa sulla protezione dei dati vi informiamo su aspetti importanti del trattamento dei dati all'interno del nostro sito web.<\/p><p><strong>Le tue informazioni<\/strong><br \/>Raccolta e trattamento dei tuoi dati<br \/>Il trattamento dei dati personali che mettete volontariamente a disposizione dei nostri servizi e portali \u00e8 necessario per poter elaborare le vostre richieste, ordini, richieste, ecc., preparare e concludere contratti e inviarvi e-news.<\/p><p><strong>Trasmissione dei dati<\/strong><br \/>I tuoi dati all'interno di SERVIS BARUCA VALTER SILVANO S.P. comunichiamo solo se serve a soddisfare la tua richiesta o nel tuo interesse. Proteggiamo la riservatezza delle tue informazioni e non le venderemo, ne affitteremo o le renderemo disponibili a terzi.<\/p><p>La mediazione con istituzioni e organi statali viene effettuata solo nel quadro della legislazione nazionale obbligatoria.<\/p><p><strong>I tuoi diritti<\/strong><br \/>In linea di principio avete il diritto all'informazione, alla rettifica, alla cancellazione, alla limitazione, alla trasmissione dei dati, alla cancellazione e all'opposizione. Se ritieni che il trattamento dei tuoi dati avvenga in violazione della legge sulla protezione dei dati o che i tuoi diritti in materia di protezione dei dati siano stati in qualche modo violati, puoi presentare un reclamo all'autorit\u00e0 di controllo.<\/p><p>Hai il diritto di richiedere a SERVIS BARUCA VALTER SILVANO S.P. richiedi informazioni sui dati personali che abbiamo archiviato su di te. Inoltre, avete il diritto di richiedere la rettifica, la cancellazione dei dati, la limitazione o l'interruzione del trattamento e la trasmissione dei dati memorizzati a voi o a un terzo da voi designato in una forma adeguata.<\/p><p>Se la tua richiesta non pu\u00f2 essere elaborata o non saranno trattati entro un mese dal ricevimento, hai il diritto di proporre reclamo all'autorit\u00e0 di controllo. L'autorit\u00e0 di controllo competente \u00e8 il Commissario per l'informazione della Repubblica di Slovenia.<\/p><p>Puoi inviare le tue richieste tramite posta o email ai seguenti indirizzi:<\/p><p>SERVIS BARUCA VALTER SILVANO S.P.<br \/>Sermin 70D Bertoki<br \/>6000 Koper-Capodistria<\/p><p>Si prega di fornire le informazioni di contatto, il nome del sito Web o del rispettivo servizio e una descrizione dettagliata della richiesta o preferenze sulla protezione dei dati.<\/p><p>Ti preghiamo di comprendere che, per la tua sicurezza contro richieste o reclami da parte di terzi non autorizzati, forniamo informazioni esclusivamente per iscritto all'indirizzo postale da te fornito sui rispettivi portali.<\/p>\t\t\t\t\t\t\t\t<\/div>\n\t\t\t\t<\/div>\n\t\t\t\t\t<\/div>\n\t\t\t\t<\/div>\n\t\t\t\t<\/div>","protected":false},"excerpt":{"rendered":"<p>Izjava o obveznosti obve\u0161\u010danjaVarstvo va\u0161ih osebnih podatkov je za nas zelo pomembno. Va\u0161e podatke obdelujemo izklju\u010dno na podlagi zakonskih dolo\u010db (Splo\u0161na uredba o varstvu podatkov \u2013 Uredba (EU) 2016\/679, Zakon o spremembi zakona o varstvu podatkov 2018, Zakon o telekomunikacijah 2003). V pri\u010dujo\u010dih informacijah o varstvu podatkov vas obve\u0161\u010damo o pomembnih vidikih obdelave podatkov v [&hellip;]<\/p>","protected":false},"author":1,"featured_media":0,"parent":0,"menu_order":0,"comment_status":"closed","ping_status":"open","template":"","meta":{"_acf_changed":false,"inline_featured_image":false,"_monsterinsights_skip_tracking":false,"_monsterinsights_sitenote_active":false,"_monsterinsights_sitenote_note":"","_monsterinsights_sitenote_category":0,"footnotes":""},"class_list":["post-3","page","type-page","status-publish","hentry"],"acf":[],"aioseo_notices":[],"_links":{"self":[{"href":"https:\/\/klimebaruca.com\/it\/wp-json\/wp\/v2\/pages\/3","targetHints":{"allow":["GET"]}}],"collection":[{"href":"https:\/\/klimebaruca.com\/it\/wp-json\/wp\/v2\/pages"}],"about":[{"href":"https:\/\/klimebaruca.com\/it\/wp-json\/wp\/v2\/types\/page"}],"author":[{"embeddable":true,"href":"https:\/\/klimebaruca.com\/it\/wp-json\/wp\/v2\/users\/1"}],"replies":[{"embeddable":true,"href":"https:\/\/klimebaruca.com\/it\/wp-json\/wp\/v2\/comments?post=3"}],"version-history":[{"count":4,"href":"https:\/\/klimebaruca.com\/it\/wp-json\/wp\/v2\/pages\/3\/revisions"}],"predecessor-version":[{"id":1168,"href":"https:\/\/klimebaruca.com\/it\/wp-json\/wp\/v2\/pages\/3\/revisions\/1168"}],"wp:attachment":[{"href":"https:\/\/klimebaruca.com\/it\/wp-json\/wp\/v2\/media?parent=3"}],"curies":[{"name":"wp","href":"https:\/\/api.w.org\/{rel}","templated":true}]}}